{"id":2,"date":"2023-05-28T23:29:14","date_gmt":"2023-05-28T20:29:14","guid":{"rendered":"http:\/\/www.moliomintys.eu\/?page_id=2"},"modified":"2023-06-22T14:59:44","modified_gmt":"2023-06-22T11:59:44","slug":"about-page","status":"publish","type":"page","link":"https:\/\/www.moliomintys.eu\/","title":{"rendered":"Apie mane"},"content":{"rendered":"\n<p>Sveiki u\u017esuk\u0119 \u012f mano parduotuv\u0119 \ud83d\ude0a Nesl\u0117psiu- b\u016bdama visi\u0161ka egoiste, a\u0161 gaminu puodus ir puodelius ne d\u0117l j\u016bs\u0173. Man taip gaunasi. Bet gyvename keistame materijos pasaulyje, ir tam, kad toliau &nbsp;dalis manosios esyb\u0117s gal\u0117t\u0173 kurti, man \u017e\u016bt b\u016bt reikia \u0161ios parduotuv\u0117s.<\/p>\n\n\n\n<p>O jums kokia nauda ? Na, ji bus m\u0117lyna, geltona, \u017ealia, violetin\u0117&#8230; ji bus su rugiag\u0117l\u0117mis, su veidais, su snukiais, su kojyt\u0117mis&#8230;. Ar tai daug ? Taip , o taip&#8230; tai daug- tai yra visata, \u017evaig\u017ed\u0117s, planetos, v\u0117jas j\u016broje, pievoje, dykumoje&#8230;. A\u0161 jums tai parduosiu. Ai\u0161ku, j\u016bs galite pirkti puoduk\u0105, bet jei puodukas su dobilais, jis bus ir su bit\u0117mis, jei \u012fsigysite bi\u010di\u0173, tik\u0117tina, bus ir musi\u0173, o ten kur mus\u0117s- \u017ei\u016b&#8230;. ir \u017duvis. O kokia \u017euvis, jei jos uodega nespindi m\u0117nulio a\u0161aromis&#8230;<\/p>\n\n\n\n<p>Taip, kaip lipdyti puoduk\u0105- para\u0161ysiu vis\u0105 roman\u0105.<\/p>\n\n\n\n<p>A\u010di\u016b jums, kurie imsite mano k\u016brybos vaisius, kurie sri\u016bbausite arbat\u0105, kop\u016bstin\u0119 ar sk\u0119site espresso puodelio gurk\u0161nyje- toje visatoje, kurios gabal\u0117lius parduosiu \u010dia.<\/p>\n\n\n\n<figure class=\"wp-block-image alignleft size-large is-resized\"><img decoding=\"async\" loading=\"lazy\" src=\"https:\/\/www.moliomintys.eu\/wp-content\/uploads\/2023\/06\/dsc02291-1024x768.jpg\" alt=\"\" class=\"wp-image-639\" width=\"321\" height=\"241\" srcset=\"https:\/\/www.moliomintys.eu\/wp-content\/uploads\/2023\/06\/dsc02291-1024x768.jpg 1024w, https:\/\/www.moliomintys.eu\/wp-content\/uploads\/2023\/06\/dsc02291-300x225.jpg 300w, https:\/\/www.moliomintys.eu\/wp-content\/uploads\/2023\/06\/dsc02291-768x576.jpg 768w, https:\/\/www.moliomintys.eu\/wp-content\/uploads\/2023\/06\/dsc02291-1536x1152.jpg 1536w, https:\/\/www.moliomintys.eu\/wp-content\/uploads\/2023\/06\/dsc02291-600x450.jpg 600w, https:\/\/www.moliomintys.eu\/wp-content\/uploads\/2023\/06\/dsc02291.jpg 1600w\" sizes=\"(max-width: 321px) 100vw, 321px\" \/><\/figure>\n\n\n\n<p>Taigi&#8230; O kas a\u0161 esu- ka\u017ekurios pievos gale skamb\u0117jo mano vardas- esu Dalia Gineit\u0117. Man suteiktas meno k\u016br\u0117jo statusas ir esu garbingos Lietuvos dailinink\u0173 s\u0105jungos nar\u0117.<\/p>\n\n\n\n<p>Man 51 metai, tai gal jums pavyks tur\u0117ti dar po 50 met\u0173 vertyb\u0119, nes kai man bus 80, mano personalin\u0117 paroda numatyta Pompidou centre&#8230;<\/p>\n\n\n\n<p>Ai, o kad bu\u010diau trendi\u0161ka- esu Molio Min\u010di\u0173 savinink\u0117. \u017do, biznio \u017emogus&#8230;<\/p>\n\n\n\n<p>Ar t\u0119sti ? Prat\u0119simas bus :)))))  Einam , pas <a href=\"https:\/\/www.moliomintys.eu\/?post_type=product\">puodus<\/a>.<\/p>\n","protected":false},"excerpt":{"rendered":"<p>Sveiki u\u017esuk\u0119 \u012f mano parduotuv\u0119 \ud83d\ude0a Nesl\u0117psiu- b\u016bdama visi\u0161ka egoiste, a\u0161 gaminu puodus ir puodelius ne d\u0117l j\u016bs\u0173. Man taip gaunasi. Bet gyvename keistame materijos pasaulyje, ir tam, kad toliau &nbsp;dalis manosios esyb\u0117s gal\u0117t\u0173 kurti, man \u017e\u016bt b\u016bt reikia \u0161ios parduotuv\u0117s. O jums kokia nauda ? Na, ji bus m\u0117lyna, geltona, \u017ealia, violetin\u0117&#8230; ji bus &hellip;<\/p>\n<p class=\"read-more\"> <a class=\"\" href=\"https:\/\/www.moliomintys.eu\/\"> <span class=\"screen-reader-text\">Apie mane<\/span> Skaityti daugiau &raquo;<\/a><\/p>\n","protected":false},"author":1,"featured_media":0,"parent":0,"menu_order":0,"comment_status":"closed","ping_status":"closed","template":"","meta":{"_mi_skip_tracking":false,"_monsterinsights_sitenote_active":false,"_monsterinsights_sitenote_note":"","_monsterinsights_sitenote_category":0,"site-sidebar-layout":"default","site-content-layout":"default","ast-global-header-display":"","ast-banner-title-visibility":"","ast-main-header-display":"","ast-hfb-above-header-display":"","ast-hfb-below-header-display":"","ast-hfb-mobile-header-display":"","site-post-title":"","ast-breadcrumbs-content":"","ast-featured-img":"","footer-sml-layout":"","theme-transparent-header-meta":"","adv-header-id-meta":"","stick-header-meta":"","header-above-stick-meta":"","header-main-stick-meta":"","header-below-stick-meta":""},"_links":{"self":[{"href":"https:\/\/www.moliomintys.eu\/index.php?rest_route=\/wp\/v2\/pages\/2"}],"collection":[{"href":"https:\/\/www.moliomintys.eu\/index.php?rest_route=\/wp\/v2\/pages"}],"about":[{"href":"https:\/\/www.moliomintys.eu\/index.php?rest_route=\/wp\/v2\/types\/page"}],"author":[{"embeddable":true,"href":"https:\/\/www.moliomintys.eu\/index.php?rest_route=\/wp\/v2\/users\/1"}],"replies":[{"embeddable":true,"href":"https:\/\/www.moliomintys.eu\/index.php?rest_route=%2Fwp%2Fv2%2Fcomments&post=2"}],"version-history":[{"count":6,"href":"https:\/\/www.moliomintys.eu\/index.php?rest_route=\/wp\/v2\/pages\/2\/revisions"}],"predecessor-version":[{"id":640,"href":"https:\/\/www.moliomintys.eu\/index.php?rest_route=\/wp\/v2\/pages\/2\/revisions\/640"}],"wp:attachment":[{"href":"https:\/\/www.moliomintys.eu\/index.php?rest_route=%2Fwp%2Fv2%2Fmedia&parent=2"}],"curies":[{"name":"wp","href":"https:\/\/api.w.org\/{rel}","templated":true}]}}